{"id":11435,"date":"2017-03-28T19:29:52","date_gmt":"2017-03-28T19:29:52","guid":{"rendered":"http:\/\/marlycamino.com\/?page_id=11435\/"},"modified":"2018-02-13T09:42:35","modified_gmt":"2018-02-13T09:42:35","slug":"camino-benefico","status":"publish","type":"page","link":"https:\/\/marlycamino.com\/es\/camino-benefico\/","title":{"rendered":"Camino Ben\u00e9fico"},"content":{"rendered":"<div id=\"cs-content\" class=\"cs-content\"><\/div>\n","protected":false},"excerpt":{"rendered":"<p>Cada a\u00f1o una experiencia inolvidableConfiamos en que podemos ayudar a cambiar muchas vidas, confiamos en la magia del Camino.\u00a1Camino Ben\u00e9fico 2017!El Camino Ben\u00e9fico comenzar\u00e1 el 9 de Junio del 2018. La Peregrinaci\u00f3n de Sarria a Santiago durar\u00e1 8 d\u00edas.&nbsp;Nuestro ObjetivoCreemos en la magia del Camino para ayudar, inspirar y transformar la vida de las personas. Hemos contactado con varias fundaciones &#8230; <a href=\"https:\/\/marlycamino.com\/es\/camino-benefico\/\" class=\"more-link\">Read More<\/a><\/p>\n","protected":false},"author":2,"featured_media":0,"parent":0,"menu_order":0,"comment_status":"closed","ping_status":"closed","template":"template-blank-4.php","meta":{"_acf_changed":false,"footnotes":""},"class_list":["post-11435","page","type-page","status-publish","hentry","no-post-thumbnail"],"acf":[],"yoast_head":"<!-- This site is optimized with the Yoast SEO plugin v26.3 - https:\/\/yoast.com\/wordpress\/plugins\/seo\/ -->\n<title>Camino Ben\u00e9fico \u00a1Una forma de ayudar con el Camino de Santiago!<\/title>\n<meta name=\"description\" content=\"Nuestro Camino Ben\u00e9fico: una forma de ayudar. Marly Camino ha invitado a un grupo de personas en una situaci\u00f3n dif\u00edcil a realizar el Camino De Santiago.\" \/>\n<meta name=\"robots\" content=\"index, follow, max-snippet:-1, max-image-preview:large, max-video-preview:-1\" \/>\n<link rel=\"canonical\" href=\"https:\/\/marlycamino.com\/es\/camino-benefico\/\" \/>\n<meta property=\"og:locale\" content=\"es_ES\" \/>\n<meta property=\"og:type\" content=\"article\" \/>\n<meta property=\"og:title\" content=\"Camino Ben\u00e9fico \u00a1Una forma de ayudar con el Camino de Santiago!\" \/>\n<meta property=\"og:description\" content=\"Nuestro Camino Ben\u00e9fico: una forma de ayudar. Marly Camino ha invitado a un grupo de personas en una situaci\u00f3n dif\u00edcil a realizar el Camino De Santiago.\" \/>\n<meta property=\"og:url\" content=\"https:\/\/marlycamino.com\/es\/camino-benefico\/\" \/>\n<meta property=\"article:publisher\" content=\"https:\/\/www.facebook.com\/MarlyCamino\/\" \/>\n<meta property=\"article:modified_time\" content=\"2018-02-13T09:42:35+00:00\" \/>\n<meta property=\"og:image\" content=\"https:\/\/marlycamino.com\/wp-content\/uploads\/2018\/02\/Camino-Benefico-3.jpg\" \/>\n<meta name=\"twitter:label1\" content=\"Tiempo de lectura\" \/>\n\t<meta name=\"twitter:data1\" content=\"9 minutos\" \/>\n<script type=\"application\/ld+json\" class=\"yoast-schema-graph\">{\"@context\":\"https:\/\/schema.org\",\"@graph\":[{\"@type\":\"WebPage\",\"@id\":\"https:\/\/marlycamino.com\/es\/camino-benefico\/\",\"url\":\"https:\/\/marlycamino.com\/es\/camino-benefico\/\",\"name\":\"Camino Ben\u00e9fico \u00a1Una forma de ayudar con el Camino de Santiago!\",\"isPartOf\":{\"@id\":\"https:\/\/marlycamino.com\/#website\"},\"primaryImageOfPage\":{\"@id\":\"https:\/\/marlycamino.com\/es\/camino-benefico\/#primaryimage\"},\"image\":{\"@id\":\"https:\/\/marlycamino.com\/es\/camino-benefico\/#primaryimage\"},\"thumbnailUrl\":\"https:\/\/marlycamino.com\/wp-content\/uploads\/2018\/02\/Camino-Benefico-3.jpg\",\"datePublished\":\"2017-03-28T19:29:52+00:00\",\"dateModified\":\"2018-02-13T09:42:35+00:00\",\"description\":\"Nuestro Camino Ben\u00e9fico: una forma de ayudar. Marly Camino ha invitado a un grupo de personas en una situaci\u00f3n dif\u00edcil a realizar el Camino De Santiago.\",\"breadcrumb\":{\"@id\":\"https:\/\/marlycamino.com\/es\/camino-benefico\/#breadcrumb\"},\"inLanguage\":\"es\",\"potentialAction\":[{\"@type\":\"ReadAction\",\"target\":[\"https:\/\/marlycamino.com\/es\/camino-benefico\/\"]}]},{\"@type\":\"ImageObject\",\"inLanguage\":\"es\",\"@id\":\"https:\/\/marlycamino.com\/es\/camino-benefico\/#primaryimage\",\"url\":\"https:\/\/marlycamino.com\/wp-content\/uploads\/2018\/02\/Camino-Benefico-3.jpg\",\"contentUrl\":\"https:\/\/marlycamino.com\/wp-content\/uploads\/2018\/02\/Camino-Benefico-3.jpg\"},{\"@type\":\"BreadcrumbList\",\"@id\":\"https:\/\/marlycamino.com\/es\/camino-benefico\/#breadcrumb\",\"itemListElement\":[{\"@type\":\"ListItem\",\"position\":1,\"name\":\"Home\",\"item\":\"https:\/\/marlycamino.com\/es\/\"},{\"@type\":\"ListItem\",\"position\":2,\"name\":\"Camino Ben\u00e9fico\"}]},{\"@type\":\"WebSite\",\"@id\":\"https:\/\/marlycamino.com\/#website\",\"url\":\"https:\/\/marlycamino.com\/\",\"name\":\"\",\"description\":\"\",\"potentialAction\":[{\"@type\":\"SearchAction\",\"target\":{\"@type\":\"EntryPoint\",\"urlTemplate\":\"https:\/\/marlycamino.com\/?s={search_term_string}\"},\"query-input\":{\"@type\":\"PropertyValueSpecification\",\"valueRequired\":true,\"valueName\":\"search_term_string\"}}],\"inLanguage\":\"es\"}]}<\/script>\n<!-- \/ Yoast SEO plugin. -->","yoast_head_json":{"title":"Camino Ben\u00e9fico \u00a1Una forma de ayudar con el Camino de Santiago!","description":"Nuestro Camino Ben\u00e9fico: una forma de ayudar. Marly Camino ha invitado a un grupo de personas en una situaci\u00f3n dif\u00edcil a realizar el Camino De Santiago.","robots":{"index":"index","follow":"follow","max-snippet":"max-snippet:-1","max-image-preview":"max-image-preview:large","max-video-preview":"max-video-preview:-1"},"canonical":"https:\/\/marlycamino.com\/es\/camino-benefico\/","og_locale":"es_ES","og_type":"article","og_title":"Camino Ben\u00e9fico \u00a1Una forma de ayudar con el Camino de Santiago!","og_description":"Nuestro Camino Ben\u00e9fico: una forma de ayudar. Marly Camino ha invitado a un grupo de personas en una situaci\u00f3n dif\u00edcil a realizar el Camino De Santiago.","og_url":"https:\/\/marlycamino.com\/es\/camino-benefico\/","article_publisher":"https:\/\/www.facebook.com\/MarlyCamino\/","article_modified_time":"2018-02-13T09:42:35+00:00","og_image":[{"url":"https:\/\/marlycamino.com\/wp-content\/uploads\/2018\/02\/Camino-Benefico-3.jpg","type":"","width":"","height":""}],"twitter_misc":{"Tiempo de lectura":"9 minutos"},"schema":{"@context":"https:\/\/schema.org","@graph":[{"@type":"WebPage","@id":"https:\/\/marlycamino.com\/es\/camino-benefico\/","url":"https:\/\/marlycamino.com\/es\/camino-benefico\/","name":"Camino Ben\u00e9fico \u00a1Una forma de ayudar con el Camino de Santiago!","isPartOf":{"@id":"https:\/\/marlycamino.com\/#website"},"primaryImageOfPage":{"@id":"https:\/\/marlycamino.com\/es\/camino-benefico\/#primaryimage"},"image":{"@id":"https:\/\/marlycamino.com\/es\/camino-benefico\/#primaryimage"},"thumbnailUrl":"https:\/\/marlycamino.com\/wp-content\/uploads\/2018\/02\/Camino-Benefico-3.jpg","datePublished":"2017-03-28T19:29:52+00:00","dateModified":"2018-02-13T09:42:35+00:00","description":"Nuestro Camino Ben\u00e9fico: una forma de ayudar. Marly Camino ha invitado a un grupo de personas en una situaci\u00f3n dif\u00edcil a realizar el Camino De Santiago.","breadcrumb":{"@id":"https:\/\/marlycamino.com\/es\/camino-benefico\/#breadcrumb"},"inLanguage":"es","potentialAction":[{"@type":"ReadAction","target":["https:\/\/marlycamino.com\/es\/camino-benefico\/"]}]},{"@type":"ImageObject","inLanguage":"es","@id":"https:\/\/marlycamino.com\/es\/camino-benefico\/#primaryimage","url":"https:\/\/marlycamino.com\/wp-content\/uploads\/2018\/02\/Camino-Benefico-3.jpg","contentUrl":"https:\/\/marlycamino.com\/wp-content\/uploads\/2018\/02\/Camino-Benefico-3.jpg"},{"@type":"BreadcrumbList","@id":"https:\/\/marlycamino.com\/es\/camino-benefico\/#breadcrumb","itemListElement":[{"@type":"ListItem","position":1,"name":"Home","item":"https:\/\/marlycamino.com\/es\/"},{"@type":"ListItem","position":2,"name":"Camino Ben\u00e9fico"}]},{"@type":"WebSite","@id":"https:\/\/marlycamino.com\/#website","url":"https:\/\/marlycamino.com\/","name":"","description":"","potentialAction":[{"@type":"SearchAction","target":{"@type":"EntryPoint","urlTemplate":"https:\/\/marlycamino.com\/?s={search_term_string}"},"query-input":{"@type":"PropertyValueSpecification","valueRequired":true,"valueName":"search_term_string"}}],"inLanguage":"es"}]}},"_links":{"self":[{"href":"https:\/\/marlycamino.com\/es\/wp-json\/wp\/v2\/pages\/11435","targetHints":{"allow":["GET"]}}],"collection":[{"href":"https:\/\/marlycamino.com\/es\/wp-json\/wp\/v2\/pages"}],"about":[{"href":"https:\/\/marlycamino.com\/es\/wp-json\/wp\/v2\/types\/page"}],"author":[{"embeddable":true,"href":"https:\/\/marlycamino.com\/es\/wp-json\/wp\/v2\/users\/2"}],"replies":[{"embeddable":true,"href":"https:\/\/marlycamino.com\/es\/wp-json\/wp\/v2\/comments?post=11435"}],"version-history":[{"count":0,"href":"https:\/\/marlycamino.com\/es\/wp-json\/wp\/v2\/pages\/11435\/revisions"}],"wp:attachment":[{"href":"https:\/\/marlycamino.com\/es\/wp-json\/wp\/v2\/media?parent=11435"}],"curies":[{"name":"wp","href":"https:\/\/api.w.org\/{rel}","templated":true}]}}