{"id":11642,"date":"2017-04-05T21:46:42","date_gmt":"2017-04-05T21:46:42","guid":{"rendered":"https:\/\/marlycamino.com\/contact\/"},"modified":"2025-02-14T11:10:47","modified_gmt":"2025-02-14T11:10:47","slug":"contactenos","status":"publish","type":"page","link":"https:\/\/marlycamino.com\/es\/contactenos\/","title":{"rendered":"Cont\u00e1ctenos"},"content":{"rendered":"<div id=\"cs-content\" class=\"cs-content\"><\/div>\n","protected":false},"excerpt":{"rendered":"<p>Cont\u00e1ctenosMandanos un mensajeinfo@marlycamino.comL-V: 9:00AM-6:00PM (Madrid hora local)+1 888 508 2638 (US)+34 917 864 636 (ES)Paseo de la Habana 200, Madrid 28036, Spain &quot;*&quot; se\u00f1ala los campos obligatorios Name*Last Name*Email* Tel\u00e9fonoMessageEste campo est\u00e1 oculto cuando se visualiza el formularioCategoryBy checking this box you agree to receiving emails and promotions from Marly Camino. You can unsubscribe at any time. Al hacer click &#8230; <a href=\"https:\/\/marlycamino.com\/es\/contactenos\/\" class=\"more-link\">Read More<\/a><\/p>\n","protected":false},"author":2,"featured_media":0,"parent":0,"menu_order":0,"comment_status":"closed","ping_status":"closed","template":"template-blank-4.php","meta":{"_acf_changed":false,"footnotes":""},"class_list":["post-11642","page","type-page","status-publish","hentry","no-post-thumbnail"],"acf":[],"yoast_head":"<!-- This site is optimized with the Yoast SEO plugin v26.3 - https:\/\/yoast.com\/wordpress\/plugins\/seo\/ -->\n<title>Aqu\u00ed puedes contactar a Marly Camino - \u00a1Nuestro tel\u00e9fono y email!<\/title>\n<meta name=\"description\" content=\"Estamos encantados de resolver todas tus dudas y planificar tu viaje. Especializados en viajes organizados al Camino De Santiago y otras caminatas en Espa\u00f1a\" \/>\n<meta name=\"robots\" content=\"noindex, follow\" \/>\n<meta property=\"og:locale\" content=\"es_ES\" \/>\n<meta property=\"og:type\" content=\"article\" \/>\n<meta property=\"og:title\" content=\"Aqu\u00ed puedes contactar a Marly Camino - \u00a1Nuestro tel\u00e9fono y email!\" \/>\n<meta property=\"og:description\" content=\"Estamos encantados de resolver todas tus dudas y planificar tu viaje. Especializados en viajes organizados al Camino De Santiago y otras caminatas en Espa\u00f1a\" \/>\n<meta property=\"og:url\" content=\"https:\/\/marlycamino.com\/es\/contactenos\/\" \/>\n<meta property=\"article:publisher\" content=\"https:\/\/www.facebook.com\/MarlyCamino\/\" \/>\n<meta property=\"article:modified_time\" content=\"2025-02-14T11:10:47+00:00\" \/>\n<meta property=\"og:image\" content=\"https:\/\/www.tripadvisor.com\/img\/cdsi\/img2\/branding\/150_logo-11900-2.png\" \/>\n<meta name=\"twitter:label1\" content=\"Tiempo de lectura\" \/>\n\t<meta name=\"twitter:data1\" content=\"1 minuto\" \/>\n<script type=\"application\/ld+json\" class=\"yoast-schema-graph\">{\"@context\":\"https:\/\/schema.org\",\"@graph\":[{\"@type\":\"WebPage\",\"@id\":\"https:\/\/marlycamino.com\/es\/contactenos\/\",\"url\":\"https:\/\/marlycamino.com\/es\/contactenos\/\",\"name\":\"Aqu\u00ed puedes contactar a Marly Camino - \u00a1Nuestro tel\u00e9fono y email!\",\"isPartOf\":{\"@id\":\"https:\/\/marlycamino.com\/#website\"},\"primaryImageOfPage\":{\"@id\":\"https:\/\/marlycamino.com\/es\/contactenos\/#primaryimage\"},\"image\":{\"@id\":\"https:\/\/marlycamino.com\/es\/contactenos\/#primaryimage\"},\"thumbnailUrl\":\"https:\/\/www.tripadvisor.com\/img\/cdsi\/img2\/branding\/150_logo-11900-2.png\",\"datePublished\":\"2017-04-05T21:46:42+00:00\",\"dateModified\":\"2025-02-14T11:10:47+00:00\",\"description\":\"Estamos encantados de resolver todas tus dudas y planificar tu viaje. Especializados en viajes organizados al Camino De Santiago y otras caminatas en Espa\u00f1a\",\"breadcrumb\":{\"@id\":\"https:\/\/marlycamino.com\/es\/contactenos\/#breadcrumb\"},\"inLanguage\":\"es\",\"potentialAction\":[{\"@type\":\"ReadAction\",\"target\":[\"https:\/\/marlycamino.com\/es\/contactenos\/\"]}]},{\"@type\":\"ImageObject\",\"inLanguage\":\"es\",\"@id\":\"https:\/\/marlycamino.com\/es\/contactenos\/#primaryimage\",\"url\":\"https:\/\/www.tripadvisor.com\/img\/cdsi\/img2\/branding\/150_logo-11900-2.png\",\"contentUrl\":\"https:\/\/www.tripadvisor.com\/img\/cdsi\/img2\/branding\/150_logo-11900-2.png\"},{\"@type\":\"BreadcrumbList\",\"@id\":\"https:\/\/marlycamino.com\/es\/contactenos\/#breadcrumb\",\"itemListElement\":[{\"@type\":\"ListItem\",\"position\":1,\"name\":\"Home\",\"item\":\"https:\/\/marlycamino.com\/es\/\"},{\"@type\":\"ListItem\",\"position\":2,\"name\":\"Cont\u00e1ctenos\"}]},{\"@type\":\"WebSite\",\"@id\":\"https:\/\/marlycamino.com\/#website\",\"url\":\"https:\/\/marlycamino.com\/\",\"name\":\"\",\"description\":\"\",\"potentialAction\":[{\"@type\":\"SearchAction\",\"target\":{\"@type\":\"EntryPoint\",\"urlTemplate\":\"https:\/\/marlycamino.com\/?s={search_term_string}\"},\"query-input\":{\"@type\":\"PropertyValueSpecification\",\"valueRequired\":true,\"valueName\":\"search_term_string\"}}],\"inLanguage\":\"es\"}]}<\/script>\n<!-- \/ Yoast SEO plugin. -->","yoast_head_json":{"title":"Aqu\u00ed puedes contactar a Marly Camino - \u00a1Nuestro tel\u00e9fono y email!","description":"Estamos encantados de resolver todas tus dudas y planificar tu viaje. Especializados en viajes organizados al Camino De Santiago y otras caminatas en Espa\u00f1a","robots":{"index":"noindex","follow":"follow"},"og_locale":"es_ES","og_type":"article","og_title":"Aqu\u00ed puedes contactar a Marly Camino - \u00a1Nuestro tel\u00e9fono y email!","og_description":"Estamos encantados de resolver todas tus dudas y planificar tu viaje. Especializados en viajes organizados al Camino De Santiago y otras caminatas en Espa\u00f1a","og_url":"https:\/\/marlycamino.com\/es\/contactenos\/","article_publisher":"https:\/\/www.facebook.com\/MarlyCamino\/","article_modified_time":"2025-02-14T11:10:47+00:00","og_image":[{"url":"https:\/\/www.tripadvisor.com\/img\/cdsi\/img2\/branding\/150_logo-11900-2.png","type":"","width":"","height":""}],"twitter_misc":{"Tiempo de lectura":"1 minuto"},"schema":{"@context":"https:\/\/schema.org","@graph":[{"@type":"WebPage","@id":"https:\/\/marlycamino.com\/es\/contactenos\/","url":"https:\/\/marlycamino.com\/es\/contactenos\/","name":"Aqu\u00ed puedes contactar a Marly Camino - \u00a1Nuestro tel\u00e9fono y email!","isPartOf":{"@id":"https:\/\/marlycamino.com\/#website"},"primaryImageOfPage":{"@id":"https:\/\/marlycamino.com\/es\/contactenos\/#primaryimage"},"image":{"@id":"https:\/\/marlycamino.com\/es\/contactenos\/#primaryimage"},"thumbnailUrl":"https:\/\/www.tripadvisor.com\/img\/cdsi\/img2\/branding\/150_logo-11900-2.png","datePublished":"2017-04-05T21:46:42+00:00","dateModified":"2025-02-14T11:10:47+00:00","description":"Estamos encantados de resolver todas tus dudas y planificar tu viaje. Especializados en viajes organizados al Camino De Santiago y otras caminatas en Espa\u00f1a","breadcrumb":{"@id":"https:\/\/marlycamino.com\/es\/contactenos\/#breadcrumb"},"inLanguage":"es","potentialAction":[{"@type":"ReadAction","target":["https:\/\/marlycamino.com\/es\/contactenos\/"]}]},{"@type":"ImageObject","inLanguage":"es","@id":"https:\/\/marlycamino.com\/es\/contactenos\/#primaryimage","url":"https:\/\/www.tripadvisor.com\/img\/cdsi\/img2\/branding\/150_logo-11900-2.png","contentUrl":"https:\/\/www.tripadvisor.com\/img\/cdsi\/img2\/branding\/150_logo-11900-2.png"},{"@type":"BreadcrumbList","@id":"https:\/\/marlycamino.com\/es\/contactenos\/#breadcrumb","itemListElement":[{"@type":"ListItem","position":1,"name":"Home","item":"https:\/\/marlycamino.com\/es\/"},{"@type":"ListItem","position":2,"name":"Cont\u00e1ctenos"}]},{"@type":"WebSite","@id":"https:\/\/marlycamino.com\/#website","url":"https:\/\/marlycamino.com\/","name":"","description":"","potentialAction":[{"@type":"SearchAction","target":{"@type":"EntryPoint","urlTemplate":"https:\/\/marlycamino.com\/?s={search_term_string}"},"query-input":{"@type":"PropertyValueSpecification","valueRequired":true,"valueName":"search_term_string"}}],"inLanguage":"es"}]}},"_links":{"self":[{"href":"https:\/\/marlycamino.com\/es\/wp-json\/wp\/v2\/pages\/11642","targetHints":{"allow":["GET"]}}],"collection":[{"href":"https:\/\/marlycamino.com\/es\/wp-json\/wp\/v2\/pages"}],"about":[{"href":"https:\/\/marlycamino.com\/es\/wp-json\/wp\/v2\/types\/page"}],"author":[{"embeddable":true,"href":"https:\/\/marlycamino.com\/es\/wp-json\/wp\/v2\/users\/2"}],"replies":[{"embeddable":true,"href":"https:\/\/marlycamino.com\/es\/wp-json\/wp\/v2\/comments?post=11642"}],"version-history":[{"count":0,"href":"https:\/\/marlycamino.com\/es\/wp-json\/wp\/v2\/pages\/11642\/revisions"}],"wp:attachment":[{"href":"https:\/\/marlycamino.com\/es\/wp-json\/wp\/v2\/media?parent=11642"}],"curies":[{"name":"wp","href":"https:\/\/api.w.org\/{rel}","templated":true}]}}