{"id":1224,"date":"2012-11-04T01:45:53","date_gmt":"2012-11-04T01:45:53","guid":{"rendered":"http:\/\/marlycamino.com\/new\/?page_id=1224"},"modified":"2017-05-07T22:39:26","modified_gmt":"2017-05-07T22:39:26","slug":"preguntas-frecuentes","status":"publish","type":"page","link":"https:\/\/marlycamino.com\/es\/preguntas-frecuentes\/","title":{"rendered":"Preguntas Frecuentes"},"content":{"rendered":"<h3 style=\"text-align: justify;\">\u00bfQui\u00e9n puede hacer el Camino?<\/h3>\n<p style=\"text-align: justify;\">Todos lo que est\u00e9n dispuesto asumir el reto.<\/p>\n<h3 style=\"text-align: justify;\">\u00bfHay que prepararse f\u00edsicamente?<\/h3>\n<p style=\"text-align: justify;\">Ser\u00eda mejor! Conviene entrenarse antes de comenzar el Camino. La mejor preparaci\u00f3n es caminar dos horas diarias, dos semanas como m\u00ednimo antes de comenzar el Camino. En caso de inconveniente, siempre tendr\u00e1 el coche de apoyo como recurso, si no puede o quiere seguir caminando.<\/p>\n<h3 style=\"text-align: justify;\">\u00bfCu\u00e1ntos Caminos hay?<\/h3>\n<p style=\"text-align: justify;\">Existen varios Camino que llegan a Santiago de Compostela: Camino Norte, El Camino Franc\u00e9s, El Camino Primitivo, El Camino Ingles, El Camino V\u00eda de Plata y el Camino Portugu\u00e9s. El Camino Franc\u00e9s, es de mayor tradici\u00f3n hist\u00f3rica y el m\u00e1s reconocido mundialmente.<\/p>\n<h3 style=\"text-align: justify;\">\u00bfQu\u00e9 es la Compostela?<\/h3>\n<p style=\"text-align: justify;\">Es el documento que certifica la realizaci\u00f3n de la peregrinaci\u00f3n a Santiago. Es escrito en Lat\u00edn y especifica que la persona que la recibe ha visitado la ciudad Santa y venerados las reliquias del Ap\u00f3stol para lo cual ha concluido su peregrinaci\u00f3n, tal como lo estipula la Iglesia Cat\u00f3lica. Se exige:<br \/>\nA pie: 100 Km<br \/>\nEn Bicicleta: 200 Km<br \/>\nA Caballo: 200 Km<\/p>\n<h3 style=\"text-align: justify;\">\u00bfQu\u00e9 es la Credencial?<\/h3>\n<p style=\"text-align: justify;\">Es el documento que nos identifica como peregrino. Es imprescindible llevar la credencial debidamente cumplimentada y sellarla por el camino. Se obtendr\u00e1 en el punto de salida, antes de comenzar el Camino.<\/p>\n<h3 style=\"text-align: justify;\">\u00bfQu\u00e9 indumentaria debo llevar?<\/h3>\n<p style=\"text-align: justify;\">Se le facilitar\u00e1 la lista de la indumentaria recomendada seg\u00fan la fecha que elija hacer el Camino.<\/p>\n<h3 style=\"text-align: justify;\">\u00bfTengo que cargar una mochila?<\/h3>\n<p style=\"text-align: justify;\">El equipaje ser\u00e1 transportado por el coche de apoyo de alojamiento en alojamiento. Para el camino deber\u00e1n llevar una mochila peque\u00f1a (20 o 25 L ) para transportar los documentos personales (DNI, tarjeta de cr\u00e9dito, dinero efectivo, tarjeta sanitaria, etc.), el agua, la c\u00e1mara, la credencial y un par de medias.<\/p>\n<h3 style=\"text-align: justify;\">\u00bfY si me canso?<\/h3>\n<p style=\"text-align: justify;\">El coche de apoyo servir\u00e1 a lo largo de toda la ruta para cubrir las necesidades que se presente con los peregrinos. Ya sea si el peregrino se cansa, se le presenta alg\u00fan problema f\u00edsico o de salud, o no desea caminar m\u00e1s.<\/p>\n<h3 style=\"text-align: justify;\">\u00bfC\u00f3mo son los alojamientos?<\/h3>\n<p style=\"text-align: justify;\">Son casas rurales con mucho encanto, con la comodidad de un hotel cuatro estrellas y ba\u00f1os privados en cada habitaci\u00f3n. Podr\u00e1n tener la opci\u00f3n de habitaci\u00f3n adicional pagando un suplemento.<\/p>\n<h3 style=\"text-align: justify;\">\u00bfD\u00f3nde y cu\u00e1ndo vamos a comer?<\/h3>\n<p style=\"text-align: justify;\">El almuerzo esta previsto para hacerlos despu\u00e9s de la finalizaci\u00f3n de cada etapa. El gu\u00eda les llevara a los lugares donde tendr\u00e1n diferentes opciones de men\u00fa. Los almuerzos no est\u00e1n incluidos en la mayor\u00eda de nuestros tours, pero se puede comer desde \u20ac 5 en adelante. Igual para las cenas que no est\u00e9n incluidas. El coche de apoyo estar\u00e1 provisto de bebidas y tentempi\u00e9s.<\/p>\n<h3 style=\"text-align: justify;\">\u00bfEl gu\u00eda caminara con nosotros?<\/h3>\n<p style=\"text-align: justify;\">El gu\u00eda no camina con el grupo ya que no es necesario, a menos que el grupo lo solicite con antelaci\u00f3n por alg\u00fan motivo en particular. El gu\u00eda les entregar\u00e1 el itinerario de cada d\u00eda, donde aparece detallado el recorrido, se\u00f1aliz\u00e1ndoles los lugares por donde van a pasar. El Camino est\u00e1 se\u00f1alizado perfectamente, ya sea por las flechas amarillas que la encontraran a lo largo de la ruta, letreros, mojones, etc. Durante cada etapa habr\u00e1 varios puntos de encuentro con el gu\u00eda y el coche de apoyo.<\/p>\n<h3 style=\"text-align: justify;\">\u00bfEl grupo camina junto?<\/h3>\n<p style=\"text-align: justify;\">No, cada persona DEBE caminar a su PROPIO RITMO y disfrutarlo de la mejor manera.<\/p>\n<h3 style=\"text-align: justify;\">\u00bfQu\u00e9 haremos despu\u00e9s de finalizar cada etapa?<\/h3>\n<p style=\"text-align: justify;\">No trasladamos a comer, y posteriormente al hotel. Despu\u00e9s del descanso, est\u00e1 prevista alguna visita a lugares de inter\u00e9s de la zona, para las personas que lo deseen.<\/p>\n<h3 style=\"text-align: justify;\">\u00bfC\u00f3mo nos regresamos a Madrid?<\/h3>\n<p style=\"text-align: justify;\">Si algunos de nuestros peregrinos desean volver a Madrid, la mejor opci\u00f3n en avi\u00f3n. Hay muchas opciones de aerolineas y horarios. Tambi\u00e9n es posible volver en tren o autob\u00fas considerando que estos se tardan un poco m\u00e1s.<\/p>\n","protected":false},"excerpt":{"rendered":"<p>\u00bfQui\u00e9n puede hacer el Camino? Todos lo que est\u00e9n dispuesto asumir el reto. \u00bfHay que prepararse f\u00edsicamente? Ser\u00eda mejor! Conviene entrenarse antes de comenzar el Camino. La mejor preparaci\u00f3n es caminar dos horas diarias, dos semanas como m\u00ednimo antes de comenzar el Camino. En caso de inconveniente, siempre tendr\u00e1 el coche de apoyo como recurso, si no puede o quiere &#8230; <a href=\"https:\/\/marlycamino.com\/es\/preguntas-frecuentes\/\" class=\"more-link\">Read More<\/a><\/p>\n","protected":false},"author":2,"featured_media":0,"parent":0,"menu_order":10,"comment_status":"open","ping_status":"open","template":"","meta":{"_acf_changed":false,"footnotes":""},"class_list":["post-1224","page","type-page","status-publish","hentry","no-post-thumbnail"],"acf":[],"yoast_head":"<!-- This site is optimized with the Yoast SEO plugin v26.3 - https:\/\/yoast.com\/wordpress\/plugins\/seo\/ -->\n<title>Preguntas Frecuentes<\/title>\n<meta name=\"description\" content=\"Inf\u00f3rmate sobre el Camino y nuestros tours con nuestras preguntas frecuentes.\" \/>\n<meta name=\"robots\" content=\"index, follow, max-snippet:-1, max-image-preview:large, max-video-preview:-1\" \/>\n<link rel=\"canonical\" href=\"https:\/\/marlycamino.com\/es\/preguntas-frecuentes\/\" \/>\n<meta property=\"og:locale\" content=\"es_ES\" \/>\n<meta property=\"og:type\" content=\"article\" \/>\n<meta property=\"og:title\" content=\"Preguntas Frecuentes\" \/>\n<meta property=\"og:description\" content=\"Inf\u00f3rmate sobre el Camino y nuestros tours con nuestras preguntas frecuentes.\" \/>\n<meta property=\"og:url\" content=\"https:\/\/marlycamino.com\/es\/preguntas-frecuentes\/\" \/>\n<meta property=\"article:publisher\" content=\"https:\/\/www.facebook.com\/MarlyCamino\/\" \/>\n<meta property=\"article:modified_time\" content=\"2017-05-07T22:39:26+00:00\" \/>\n<meta name=\"twitter:label1\" content=\"Tiempo de lectura\" \/>\n\t<meta name=\"twitter:data1\" content=\"3 minutos\" \/>\n<script type=\"application\/ld+json\" class=\"yoast-schema-graph\">{\"@context\":\"https:\/\/schema.org\",\"@graph\":[{\"@type\":\"WebPage\",\"@id\":\"https:\/\/marlycamino.com\/es\/preguntas-frecuentes\/\",\"url\":\"https:\/\/marlycamino.com\/es\/preguntas-frecuentes\/\",\"name\":\"Preguntas Frecuentes\",\"isPartOf\":{\"@id\":\"https:\/\/marlycamino.com\/#website\"},\"datePublished\":\"2012-11-04T01:45:53+00:00\",\"dateModified\":\"2017-05-07T22:39:26+00:00\",\"description\":\"Inf\u00f3rmate sobre el Camino y nuestros tours con nuestras preguntas frecuentes.\",\"breadcrumb\":{\"@id\":\"https:\/\/marlycamino.com\/es\/preguntas-frecuentes\/#breadcrumb\"},\"inLanguage\":\"es\",\"potentialAction\":[{\"@type\":\"ReadAction\",\"target\":[\"https:\/\/marlycamino.com\/es\/preguntas-frecuentes\/\"]}]},{\"@type\":\"BreadcrumbList\",\"@id\":\"https:\/\/marlycamino.com\/es\/preguntas-frecuentes\/#breadcrumb\",\"itemListElement\":[{\"@type\":\"ListItem\",\"position\":1,\"name\":\"Home\",\"item\":\"https:\/\/marlycamino.com\/es\/\"},{\"@type\":\"ListItem\",\"position\":2,\"name\":\"Preguntas Frecuentes\"}]},{\"@type\":\"WebSite\",\"@id\":\"https:\/\/marlycamino.com\/#website\",\"url\":\"https:\/\/marlycamino.com\/\",\"name\":\"\",\"description\":\"\",\"potentialAction\":[{\"@type\":\"SearchAction\",\"target\":{\"@type\":\"EntryPoint\",\"urlTemplate\":\"https:\/\/marlycamino.com\/?s={search_term_string}\"},\"query-input\":{\"@type\":\"PropertyValueSpecification\",\"valueRequired\":true,\"valueName\":\"search_term_string\"}}],\"inLanguage\":\"es\"}]}<\/script>\n<!-- \/ Yoast SEO plugin. -->","yoast_head_json":{"title":"Preguntas Frecuentes","description":"Inf\u00f3rmate sobre el Camino y nuestros tours con nuestras preguntas frecuentes.","robots":{"index":"index","follow":"follow","max-snippet":"max-snippet:-1","max-image-preview":"max-image-preview:large","max-video-preview":"max-video-preview:-1"},"canonical":"https:\/\/marlycamino.com\/es\/preguntas-frecuentes\/","og_locale":"es_ES","og_type":"article","og_title":"Preguntas Frecuentes","og_description":"Inf\u00f3rmate sobre el Camino y nuestros tours con nuestras preguntas frecuentes.","og_url":"https:\/\/marlycamino.com\/es\/preguntas-frecuentes\/","article_publisher":"https:\/\/www.facebook.com\/MarlyCamino\/","article_modified_time":"2017-05-07T22:39:26+00:00","twitter_misc":{"Tiempo de lectura":"3 minutos"},"schema":{"@context":"https:\/\/schema.org","@graph":[{"@type":"WebPage","@id":"https:\/\/marlycamino.com\/es\/preguntas-frecuentes\/","url":"https:\/\/marlycamino.com\/es\/preguntas-frecuentes\/","name":"Preguntas Frecuentes","isPartOf":{"@id":"https:\/\/marlycamino.com\/#website"},"datePublished":"2012-11-04T01:45:53+00:00","dateModified":"2017-05-07T22:39:26+00:00","description":"Inf\u00f3rmate sobre el Camino y nuestros tours con nuestras preguntas frecuentes.","breadcrumb":{"@id":"https:\/\/marlycamino.com\/es\/preguntas-frecuentes\/#breadcrumb"},"inLanguage":"es","potentialAction":[{"@type":"ReadAction","target":["https:\/\/marlycamino.com\/es\/preguntas-frecuentes\/"]}]},{"@type":"BreadcrumbList","@id":"https:\/\/marlycamino.com\/es\/preguntas-frecuentes\/#breadcrumb","itemListElement":[{"@type":"ListItem","position":1,"name":"Home","item":"https:\/\/marlycamino.com\/es\/"},{"@type":"ListItem","position":2,"name":"Preguntas Frecuentes"}]},{"@type":"WebSite","@id":"https:\/\/marlycamino.com\/#website","url":"https:\/\/marlycamino.com\/","name":"","description":"","potentialAction":[{"@type":"SearchAction","target":{"@type":"EntryPoint","urlTemplate":"https:\/\/marlycamino.com\/?s={search_term_string}"},"query-input":{"@type":"PropertyValueSpecification","valueRequired":true,"valueName":"search_term_string"}}],"inLanguage":"es"}]}},"_links":{"self":[{"href":"https:\/\/marlycamino.com\/es\/wp-json\/wp\/v2\/pages\/1224","targetHints":{"allow":["GET"]}}],"collection":[{"href":"https:\/\/marlycamino.com\/es\/wp-json\/wp\/v2\/pages"}],"about":[{"href":"https:\/\/marlycamino.com\/es\/wp-json\/wp\/v2\/types\/page"}],"author":[{"embeddable":true,"href":"https:\/\/marlycamino.com\/es\/wp-json\/wp\/v2\/users\/2"}],"replies":[{"embeddable":true,"href":"https:\/\/marlycamino.com\/es\/wp-json\/wp\/v2\/comments?post=1224"}],"version-history":[{"count":0,"href":"https:\/\/marlycamino.com\/es\/wp-json\/wp\/v2\/pages\/1224\/revisions"}],"wp:attachment":[{"href":"https:\/\/marlycamino.com\/es\/wp-json\/wp\/v2\/media?parent=1224"}],"curies":[{"name":"wp","href":"https:\/\/api.w.org\/{rel}","templated":true}]}}