{"id":12856,"date":"2018-07-03T15:55:29","date_gmt":"2018-07-03T15:55:29","guid":{"rendered":"https:\/\/marlycamino.com\/?page_id=12856"},"modified":"2018-07-05T09:12:46","modified_gmt":"2018-07-05T09:12:46","slug":"politicas-de-privacidad-proteccion-de-datos","status":"publish","type":"page","link":"https:\/\/marlycamino.com\/es\/politicas-de-privacidad-proteccion-de-datos\/","title":{"rendered":"Pol\u00edticas de Privacidad y Protecci\u00f3n de Datos"},"content":{"rendered":"<div id=\"cs-content\" class=\"cs-content\"><\/div>\n","protected":false},"excerpt":{"rendered":"<p>Aviso Legal Pol\u00edtica de Cookies Pol\u00edtica de Privacidad y Protecci\u00f3n de Datos AVISO LEGAL El presente Aviso Legal regula el acceso, navegaci\u00f3n y uso del presente sitio web www.marlycamino.com (en adelante, el \u201cSitio Web\u201d). Informaci\u00f3n sobre el titular del Sitio Web Le informamos de que este Sitio Web es titularidad de MARLY CAMINO, S.L., (en adelante, el \u201cTITULAR\u201d), con domicilio &#8230; <a href=\"https:\/\/marlycamino.com\/es\/politicas-de-privacidad-proteccion-de-datos\/\" class=\"more-link\">Read More<\/a><\/p>\n","protected":false},"author":2,"featured_media":0,"parent":0,"menu_order":0,"comment_status":"closed","ping_status":"closed","template":"","meta":{"_acf_changed":false,"footnotes":""},"class_list":["post-12856","page","type-page","status-publish","hentry","no-post-thumbnail"],"acf":[],"yoast_head":"<!-- This site is optimized with the Yoast SEO plugin v26.3 - https:\/\/yoast.com\/wordpress\/plugins\/seo\/ -->\n<title>Pol\u00edticas de Privacidad y Protecci\u00f3n de Datos<\/title>\n<meta name=\"robots\" content=\"index, follow, max-snippet:-1, max-image-preview:large, max-video-preview:-1\" \/>\n<link rel=\"canonical\" href=\"https:\/\/marlycamino.com\/es\/politicas-de-privacidad-proteccion-de-datos\/\" \/>\n<meta property=\"og:locale\" content=\"es_ES\" \/>\n<meta property=\"og:type\" content=\"article\" \/>\n<meta property=\"og:title\" content=\"Pol\u00edticas de Privacidad y Protecci\u00f3n de Datos\" \/>\n<meta property=\"og:url\" content=\"https:\/\/marlycamino.com\/es\/politicas-de-privacidad-proteccion-de-datos\/\" \/>\n<meta property=\"article:publisher\" content=\"https:\/\/www.facebook.com\/MarlyCamino\/\" \/>\n<meta property=\"article:modified_time\" content=\"2018-07-05T09:12:46+00:00\" \/>\n<meta name=\"twitter:label1\" content=\"Tiempo de lectura\" \/>\n\t<meta name=\"twitter:data1\" content=\"21 minutos\" \/>\n<script type=\"application\/ld+json\" class=\"yoast-schema-graph\">{\"@context\":\"https:\/\/schema.org\",\"@graph\":[{\"@type\":\"WebPage\",\"@id\":\"https:\/\/marlycamino.com\/es\/politicas-de-privacidad-proteccion-de-datos\/\",\"url\":\"https:\/\/marlycamino.com\/es\/politicas-de-privacidad-proteccion-de-datos\/\",\"name\":\"Pol\u00edticas de Privacidad y Protecci\u00f3n de Datos\",\"isPartOf\":{\"@id\":\"https:\/\/marlycamino.com\/#website\"},\"datePublished\":\"2018-07-03T15:55:29+00:00\",\"dateModified\":\"2018-07-05T09:12:46+00:00\",\"breadcrumb\":{\"@id\":\"https:\/\/marlycamino.com\/es\/politicas-de-privacidad-proteccion-de-datos\/#breadcrumb\"},\"inLanguage\":\"es\",\"potentialAction\":[{\"@type\":\"ReadAction\",\"target\":[\"https:\/\/marlycamino.com\/es\/politicas-de-privacidad-proteccion-de-datos\/\"]}]},{\"@type\":\"BreadcrumbList\",\"@id\":\"https:\/\/marlycamino.com\/es\/politicas-de-privacidad-proteccion-de-datos\/#breadcrumb\",\"itemListElement\":[{\"@type\":\"ListItem\",\"position\":1,\"name\":\"Home\",\"item\":\"https:\/\/marlycamino.com\/es\/\"},{\"@type\":\"ListItem\",\"position\":2,\"name\":\"Pol\u00edticas de Privacidad y Protecci\u00f3n de Datos\"}]},{\"@type\":\"WebSite\",\"@id\":\"https:\/\/marlycamino.com\/#website\",\"url\":\"https:\/\/marlycamino.com\/\",\"name\":\"\",\"description\":\"\",\"potentialAction\":[{\"@type\":\"SearchAction\",\"target\":{\"@type\":\"EntryPoint\",\"urlTemplate\":\"https:\/\/marlycamino.com\/?s={search_term_string}\"},\"query-input\":{\"@type\":\"PropertyValueSpecification\",\"valueRequired\":true,\"valueName\":\"search_term_string\"}}],\"inLanguage\":\"es\"}]}<\/script>\n<!-- \/ Yoast SEO plugin. -->","yoast_head_json":{"title":"Pol\u00edticas de Privacidad y Protecci\u00f3n de Datos","robots":{"index":"index","follow":"follow","max-snippet":"max-snippet:-1","max-image-preview":"max-image-preview:large","max-video-preview":"max-video-preview:-1"},"canonical":"https:\/\/marlycamino.com\/es\/politicas-de-privacidad-proteccion-de-datos\/","og_locale":"es_ES","og_type":"article","og_title":"Pol\u00edticas de Privacidad y Protecci\u00f3n de Datos","og_url":"https:\/\/marlycamino.com\/es\/politicas-de-privacidad-proteccion-de-datos\/","article_publisher":"https:\/\/www.facebook.com\/MarlyCamino\/","article_modified_time":"2018-07-05T09:12:46+00:00","twitter_misc":{"Tiempo de lectura":"21 minutos"},"schema":{"@context":"https:\/\/schema.org","@graph":[{"@type":"WebPage","@id":"https:\/\/marlycamino.com\/es\/politicas-de-privacidad-proteccion-de-datos\/","url":"https:\/\/marlycamino.com\/es\/politicas-de-privacidad-proteccion-de-datos\/","name":"Pol\u00edticas de Privacidad y Protecci\u00f3n de Datos","isPartOf":{"@id":"https:\/\/marlycamino.com\/#website"},"datePublished":"2018-07-03T15:55:29+00:00","dateModified":"2018-07-05T09:12:46+00:00","breadcrumb":{"@id":"https:\/\/marlycamino.com\/es\/politicas-de-privacidad-proteccion-de-datos\/#breadcrumb"},"inLanguage":"es","potentialAction":[{"@type":"ReadAction","target":["https:\/\/marlycamino.com\/es\/politicas-de-privacidad-proteccion-de-datos\/"]}]},{"@type":"BreadcrumbList","@id":"https:\/\/marlycamino.com\/es\/politicas-de-privacidad-proteccion-de-datos\/#breadcrumb","itemListElement":[{"@type":"ListItem","position":1,"name":"Home","item":"https:\/\/marlycamino.com\/es\/"},{"@type":"ListItem","position":2,"name":"Pol\u00edticas de Privacidad y Protecci\u00f3n de Datos"}]},{"@type":"WebSite","@id":"https:\/\/marlycamino.com\/#website","url":"https:\/\/marlycamino.com\/","name":"","description":"","potentialAction":[{"@type":"SearchAction","target":{"@type":"EntryPoint","urlTemplate":"https:\/\/marlycamino.com\/?s={search_term_string}"},"query-input":{"@type":"PropertyValueSpecification","valueRequired":true,"valueName":"search_term_string"}}],"inLanguage":"es"}]}},"_links":{"self":[{"href":"https:\/\/marlycamino.com\/es\/wp-json\/wp\/v2\/pages\/12856","targetHints":{"allow":["GET"]}}],"collection":[{"href":"https:\/\/marlycamino.com\/es\/wp-json\/wp\/v2\/pages"}],"about":[{"href":"https:\/\/marlycamino.com\/es\/wp-json\/wp\/v2\/types\/page"}],"author":[{"embeddable":true,"href":"https:\/\/marlycamino.com\/es\/wp-json\/wp\/v2\/users\/2"}],"replies":[{"embeddable":true,"href":"https:\/\/marlycamino.com\/es\/wp-json\/wp\/v2\/comments?post=12856"}],"version-history":[{"count":0,"href":"https:\/\/marlycamino.com\/es\/wp-json\/wp\/v2\/pages\/12856\/revisions"}],"wp:attachment":[{"href":"https:\/\/marlycamino.com\/es\/wp-json\/wp\/v2\/media?parent=12856"}],"curies":[{"name":"wp","href":"https:\/\/api.w.org\/{rel}","templated":true}]}}