{"id":3406,"date":"2012-11-04T01:34:37","date_gmt":"2012-11-04T01:34:37","guid":{"rendered":"http:\/\/marlycamino.com\/?page_id=3406"},"modified":"2025-11-12T11:15:11","modified_gmt":"2025-11-12T11:15:11","slug":"quienes-somos-2","status":"publish","type":"page","link":"https:\/\/marlycamino.com\/es\/quienes-somos-2\/","title":{"rendered":"Qui\u00e9nes Somos"},"content":{"rendered":"<h2><span style=\"color: #ff9900;\">Creando experiencias inolvidables<\/span><\/h2>\n<p style=\"text-align: justify;\">En Madrid 2006 abre sus puertas Marly Camino\u00a0bajo la direcci\u00f3n general de Ligia Margarita Muci Ramos para brindar su apoyo a todas las personas que desean encontrar su Camino.\u00a0Marly Camino\u00a0est\u00e1 formado por un equipo de personas de gran calidad humana que garantizan un\u00a0trato directo y personal para que cada experiencia de nuestros caminos resulte gratamente inolvidable. <strong>Nuestra mayor satisfacci\u00f3n es que encuentres en el Camino TU PROPIO CAMINO.<a href=\"https:\/\/marlycamino.com\/wp-content\/uploads\/2014\/04\/Marly-Sami.jpg\"><img loading=\"lazy\" decoding=\"async\" class=\" wp-image-6947 alignright\" src=\"https:\/\/marlycamino.com\/wp-content\/uploads\/2014\/04\/Marly-Sami-293x300.jpg\" alt=\"\" width=\"316\" height=\"324\" \/><\/a><\/strong><\/p>\n<p style=\"text-align: justify;\">Tambi\u00e9n forma parte de este gran equipo Samantha Sacchi Muci, hija de Ligia qui\u00e9n\u00a0fue siempre participe de\u00a0este hermoso proyecto y hoy en d\u00eda es nuestra sub directora.<\/p>\n<p>En Marly Camino, nos dedicamos a ofrecer experiencias inolvidables en el \u00a0Camino de Santiago, deseamos transmitir las virtudes que este peregrinaje nos regala y hacer que esta vivencia sea tan transformadora para otras personas como lo fue para mi. Nuestro anhelo es ofrecer la oportunidad de vivir ese viaje interior y mostrar que si estamos abiertos y dispuestos se pueden conseguir muchos cambios en nuestras vidas. Desde nuestro inicio nos hemos esmerado para que as\u00ed lo sientan.\u00a0Con el\u00a0incre\u00edble\u00a0equipo humano que tenemos, Marly Camino sigue creciendo y transform\u00e1ndose en un proyecto hermoso. \u00a0Sentimos la necesidad de\u00a0transmitir\u00a0las experiencias que se viven en el Camino y todo lo que tiene para ofrecer: una b\u00fasqueda interior, una alegr\u00eda eterna, porque las experiencias que no se limitan en el tiempo, te\u00a0acompa\u00f1an para siempre.<strong>\u00a0<\/strong><\/p>\n<h1>Qu\u00e9 Ofrecemos<\/h1>\n<p>Somos especialistas\u00a0en el Camino de Santiago.\u00a0Te ofrecemos todo el apoyo necesario para que vivas esta experiencia tan enriquecedora, insuperable y fuerte, que solo puedes encontrar en el Camino de Santiago.<br \/>\n<a href=\"https:\/\/marlycamino.com\/wp-content\/uploads\/2014\/12\/Mochila-Marly-Camino-concha-support.jpg\"><img loading=\"lazy\" decoding=\"async\" class=\" wp-image-5728 alignleft\" src=\"https:\/\/marlycamino.com\/wp-content\/uploads\/2014\/12\/Mochila-Marly-Camino-concha-support-300x225.jpg\" alt=\"\" width=\"283\" height=\"212\" \/><\/a>\u279c\u00a0<b><span lang=\"ES-TRAD\">Equipo Humano:<\/span><\/b><span lang=\"ES-TRAD\">\u00a0cuando nos trates te sentiras como si nos conocieras de toda la vida<\/span><br \/>\n\u279c\u00a0<b><span lang=\"ES-TRAD\">Alojamientos:<\/span><\/b><span lang=\"ES-TRAD\">\u00a0como sentirte en tu propia casa, con\u00a0todas las comodidades pero m\u00e1s consentidos.<\/span><br \/>\n\u279c<strong>Transporte:<\/strong> si no es porque tienes que caminar no te bajar\u00edas.<\/p>\n<p>\u279c<b><span lang=\"ES-TRAD\">Comidas:<\/span><\/b><span lang=\"ES-TRAD\">\u00a0dir\u00e1s, c\u00f3mo no hab\u00eda probado esto antes?<\/span><\/p>\n<p>\u00a1Nuestro \u00fanico objetivo es que cuando tengas que marchar ya est\u00e9s deseando repetir!<\/p>\n<h2><b>\u00a120 razones para elegir a Marly Camino!<\/b><\/h2>\n<p>Porque Marly Camino organiza todos los detalles de tu peregrinaci\u00f3n con mucho amor, dedicaci\u00f3n e ilusi\u00f3n por satisfacer tus necesidades y para que puedas encontrar tu Camino en el Camino.\u00a0Aunque nuestros testimonios hablan por si solos, te presentamos 20 razones por las cuales creemos que nos deber\u00edas escoger:<\/p>\n<ol>\n<li><b>Creamos experiencias exclusivas<\/b>\u00a0<strong>en el Camino de Santiago<\/strong>. Ofrecemos diferentes rutas:<br \/>\nEl Camino Franc\u00e9s, Portugu\u00e9s, Norte, Andal\u00faz y Catal\u00e1n.<\/li>\n<li>El conocimiento, experiencia y entusiasmo de <strong>nuestro equipo<\/strong>: Amamos y realmente sentimos el Camino y lo notar\u00e1s.<\/li>\n<li>La exclusividad de <strong>nuestros alojamientos<\/strong>. Garant\u00eda de calidad, c\u00e1lidos y hermosos, con un entorno \u00fanico y la mayor comodidad y atenci\u00f3n.<\/li>\n<li>Garantizamos una visita al <b>P\u00f3rtico de la Gloria. <\/b>Majestuosa obra del Maestro Mateo. No podemos dejar que te vayas sin sentir y vivir esta experiencia.<\/li>\n<li>Incluimos un <strong>seguro de viaje<\/strong> para su tranquilidad durante el periodo del tour.<\/li>\n<li>Todos nuestros Caminos est\u00e1n dise\u00f1ados para que puedas obtener <strong>La Compostela<\/strong>.<\/li>\n<li>Te damos una <strong>Sim Card con linea espa\u00f1ola<\/strong> para hacer llamadas nacionales y recibir llamadas internacionales de manera gratuita.<\/li>\n<li><strong>Asistencia durante todo el Camino<\/strong> para cubrir cualquier imprevisto: Curar ampollas, aliviar dolores musculares o subir al veh\u00edculo de apoyo en caso de que no quieras continuar caminando, adem\u00e1s de proveer bebidas, snacks y frutas.<\/li>\n<li><strong>Caminas a tu propio ritmo<\/strong>. Vivir\u00e1s y sentir\u00e1s tu propio Camino.<\/li>\n<li>Entregamos un <strong>Kit del Peregrino<\/strong> que incluye: Mochila, gorra, credencial\u00a0del Peregrino, concha, vaso t\u00e9rmico, crema especial para las piernas, libreta, un rut\u00f3metro y un programa del tour entre otros.<\/li>\n<li>Incluimos <strong>visitas guiadas<\/strong> en las ciudades m\u00e1s importantes para complementar tu experiencia del Camino.<\/li>\n<li>Finalizas el Camino con una interesante, cultural e inolvidable sopresa y cena de despedida en un lugar m\u00e1gico.<\/li>\n<li>Todos nuestros tours <strong>comienzan en una ciudad de f\u00e1cil acceso<\/strong> para que puedas llegar en avi\u00f3n o tren.<\/li>\n<li>Ofrecemos <strong>Misas<\/strong> en los alojamientos que disponen de capillas.<\/li>\n<li>Incluimos <strong>cenas y desayunos<\/strong> con gastronom\u00eda y vinos t\u00edpicos de cada zona.<\/li>\n<li>Obtendr\u00e1s <strong>fotos<\/strong> de todo el tour.<\/li>\n<li>Cubrimos hasta el m\u00e1s <strong>m\u00ednimo detalle<\/strong>: Te impresionar\u00e1s.<\/li>\n<li>Compartimos <strong>reflexiones darias<\/strong> que te ayudar\u00e1n a entender el significado del Camino.<\/li>\n<li>El <strong>amor incondicional<\/strong> con que hacemos nuestro trabajo. Lo notar\u00e1s de inmediato.<\/li>\n<li>Excelente relaci\u00f3n <strong>Precio-Calidad<\/strong>.<\/li>\n<\/ol>\n<div class=\"x-resp-embed x-is-video x-is-youtube\"><iframe loading=\"lazy\" title=\"Marly Camino: 8 years on the Camino de Santiago!\" width=\"846\" height=\"476\" src=\"https:\/\/www.youtube.com\/embed\/sJaQZWHm4cI?feature=oembed\" frameborder=\"0\" allow=\"accelerometer; autoplay; clipboard-write; encrypted-media; gyroscope; picture-in-picture; web-share\" referrerpolicy=\"strict-origin-when-cross-origin\" allowfullscreen><\/iframe><\/div>\n<h1 style=\"text-align: justify;\">Nuestro Equipo<\/h1>\n<h2><span style=\"color: #ff9900;\">\u00bfQue significa el Camino para cada uno de nosotros?<\/span><\/h2>\n<p><strong>Samantha:<\/strong> El Camino es un sitio m\u00e1gico de cultura, historia y espiritualidad con una energ\u00eda \u00fanica en el mundo. Desaparecen las barreras y las diferencias y nos convertimos todos en peregrinos hacia una misma meta. Esto nos devuelve la humanidad que tanta falta hace hoy en el mundo.<\/p>\n<p><strong>Jose Luis<\/strong>: Para m\u00ed, el Camino es el Camino de la Vida. Personalmente, llegue al Camino, a Roncesvalles en abril del 2006 y todav\u00eda hoy sigo en \u00c9l, me sent\u00ed y me sigo sintiendo feliz. Estoy unido a \u00c9l y las lecciones recibidas me sirven cada d\u00eda para peregrinar por la vida.<\/p>\n<p><strong>Ignacio:<\/strong> El Camino es el Lugar de Encuentro de la Humanidad, donde aprendemos a conocer nuestro interior y valorarnos. El Camino es naturaleza en todos sus sentidos, sus mat\u00edces de colores, sus aromas y sonidos. El Camino es \u00abpura vida\u00bb.<\/p>\n<p><strong>Lorenzo<\/strong>: El Camino de Santiago para mi supone una reconexi\u00f3n a valores que olvidamos en el d\u00eda a d\u00eda que la mayoria de nosotros vivimos actualmente. Un retorno a la sencillez, a la vida pausada, a la solidaridad sin preguntas. Un reencuentro conmigo mismo y con los otros, donde valorar en esencia aquello que nos hace humanos, el amor.<\/p>\n<p><strong>Santiago:<\/strong> Es magia, es risa, es compartir, es amistad<br \/>\nAmistad que perdura en la eternidad de los sue\u00f1os<br \/>\nOportunidad de conocerME, de conocerTE..<\/p>\n<p><strong>Bea<\/strong>: Es una serie de emociones intensas e inesperadas que se te ofrecen, para vivirlas sola, o compartirlas. Para mi hacer el Camino, es siempre positivo y sus efectos no terminan cuando llego a Santiago, son aprendizajes que ya forman parte de mi vida.<\/p>\n<p><strong>Esther<\/strong>: Para mi el camino es maestro, es experiencia, luz y gu\u00eda\u2026 es un gran espejo que te muestra lo m\u00e1s profundo de ti mismo, tu ESENCIA, que no es otra que el AMOR. Te invita a sentir, a disfrutar, a compartir.<\/p>\n<p style=\"text-align: center;\"><img loading=\"lazy\" decoding=\"async\" class=\"aligncenter wp-image-3394\" src=\"https:\/\/marlycamino.com\/wp-content\/uploads\/2012\/11\/Team-Marly-Camino.jpg\" alt=\"Team Marly Camino\" width=\"574\" height=\"382\" \/><\/p>\n<h1>S\u00e9ptimo Aniversario<\/h1>\n<p><img loading=\"lazy\" decoding=\"async\" class=\"alignright\" title=\"ligia marly camino\" src=\"https:\/\/marlycamino.com\/wp-content\/uploads\/2012\/11\/ligia-marly-camino-215x300.jpeg\" alt=\"\" width=\"215\" height=\"300\" \/><\/p>\n<p>Mensaje a mis peregrinos:\u00a0<strong>La felicidad y el bienestar interior nacen de dar y compartir incondicionalmente con los dem\u00e1s lo mejor de nosotros.<\/strong><\/p>\n<p>Recuerden que la felicidad y el bienestar interior nacen de dar y compartir incondicionalmente con los dem\u00e1s lo mejor de nosotros.La clave del \u00e9xito de Marly Camino ha sido La Pasi\u00f3n con que hago mi trabajo y el Amor incondicional que me motiva a dar lo mejor de mi sin esperar a cambio alguna gratificacion. Mi mayor recompensa ha sido tener la oportunidad de poder compartir y ayudarlos a que encuentren su Camino, a ponerlos en Camino, a que vivan esta experiencia \u00fanica e irrepetible. Hoy, t\u00fa y yo somos peregrinos, tenemos una peque\u00f1a antorcha llena de luz para encender la paz y la esperanza en la vida de aquellas personas que forman parte de nuestro peque\u00f1o entorno, comenzando por nuestros seres m\u00e1s queridos. Mi mayor deseo es que todos ustedes sean parte de esta gran familia de peregrinos comprometidos a ser amables, generosos y afectuosos con los dem\u00e1s.<\/p>\n<h1 style=\"text-align: justify;\">Confianza y Credibilidad<\/h1>\n<p style=\"text-align: justify;\">Hoy en d\u00eda muchas transacciones se hacen en internet, y no cara a cara. Por eso una de nuestras prioridades es generar confianza entre nuestros usuarios y clientes. Por tal motivo nuestra p\u00e1gina Web, est\u00e1 acreditada con el sello de verificaci\u00f3n ChamberTrust significado de confianza y visibilidad internacional en internet.<\/p>\n<p style=\"text-align: justify;\">El sello ChamberTrust es la marca de confianza que proporcionan las C\u00e1maras de Comercio de todo el mundo a las empresas que desean ofrecer garant\u00edas de los productos y servicios que comercializan a sus potenciales clientes, el sello CamberTrust garantiza a los clientes y usuarios de la p\u00e1gina Web de Marly Tours, que en efecto la empresa existe, que realmente comercializamos con los servicios aqu\u00ed expuestos y que esta pagina Web en efecto pertenece a nuestra empresa Marly Tours, Deportes y Arte SLU.\u00a0 Pueden leer m\u00e1s en <a href=\"www.chambertrust.org\">www.chambertrust.org<\/a>.<\/p>\n<p style=\"text-align: justify;\">Tambi\u00e9n ofrecemos una forma f\u00e1cil y segura de pagar por internet. PayPal ofrece protecci\u00f3n, seguridad y eficiencia\u00a0a nuestros usuarios, permiti\u00e9ndolos pagar con tarjeta de cr\u00e9dito o d\u00e9dito o con su cuenta PayPal.<\/p>\n<div style=\"text-align: justify;\">Entre los hermosos alojamientos que trabajamos\u00a0est\u00e1n\u00a0los maravillosos\u00a0<strong>Paradores Nacionales<\/strong><\/div>\n<div style=\"text-align: justify;\"><\/div>\n<div style=\"text-align: justify;\">con quien tenemos un\u00a0acuerdo especial. Queremos ofrecerles a nuestros peregrinos\u00a0una<\/div>\n<div style=\"text-align: justify;\"><\/div>\n<div style=\"text-align: justify;\">experiencia \u00fanica y que formen parte de la historia, cultura y gastronom\u00eda Espa\u00f1ola.<\/div>\n<div style=\"text-align: justify;\"><\/div>\n<div style=\"text-align: justify;\"><\/div>\n<div style=\"text-align: justify;\"><\/div>\n<div style=\"text-align: justify;\"><span style=\"color: #c0c0c0;\">MARLY CAMINO SL. CIF B-.86961521 PASEO DE LA HABANA N\u00ba 81 DE MADRID INSCRITA EN EL REGISTRO MERCANTIL DE MADRID al Tomo 32060, Libro 0, folio 25, Hoja M-576952, inscripci\u00f3n 1\u00ba<\/span><\/div>\n","protected":false},"excerpt":{"rendered":"<p>Creando experiencias inolvidables En Madrid 2006 abre sus puertas Marly Camino\u00a0bajo la direcci\u00f3n general de Ligia Margarita Muci Ramos para brindar su apoyo a todas las personas que desean encontrar su Camino.\u00a0Marly Camino\u00a0est\u00e1 formado por un equipo de personas de gran calidad humana que garantizan un\u00a0trato directo y personal para que cada experiencia de nuestros caminos resulte gratamente inolvidable. Nuestra &#8230; <a href=\"https:\/\/marlycamino.com\/es\/quienes-somos-2\/\" class=\"more-link\">Read More<\/a><\/p>\n","protected":false},"author":2,"featured_media":0,"parent":0,"menu_order":5,"comment_status":"closed","ping_status":"open","template":"template-aboutus.php","meta":{"_acf_changed":false,"footnotes":""},"class_list":["post-3406","page","type-page","status-publish","hentry","no-post-thumbnail"],"acf":[],"yoast_head":"<!-- This site is optimized with the Yoast SEO plugin v26.3 - https:\/\/yoast.com\/wordpress\/plugins\/seo\/ -->\n<title>Mejor Agencia de Viajes al Camino De Santiago: Nuestros valores<\/title>\n<meta name=\"description\" content=\"Somos una agencia de viajes al Camino De Santiago que garantiza un trato personal para que cada experiencia de nuestros Caminos resulte inolvidable.\" \/>\n<meta name=\"robots\" content=\"index, follow, max-snippet:-1, max-image-preview:large, max-video-preview:-1\" \/>\n<link rel=\"canonical\" href=\"https:\/\/marlycamino.com\/es\/quienes-somos-2\/\" \/>\n<meta property=\"og:locale\" content=\"es_ES\" \/>\n<meta property=\"og:type\" content=\"article\" \/>\n<meta property=\"og:title\" content=\"Mejor Agencia de Viajes al Camino De Santiago: Nuestros valores\" \/>\n<meta property=\"og:description\" content=\"Somos una agencia de viajes al Camino De Santiago que garantiza un trato personal para que cada experiencia de nuestros Caminos resulte inolvidable.\" \/>\n<meta property=\"og:url\" content=\"https:\/\/marlycamino.com\/es\/quienes-somos-2\/\" \/>\n<meta property=\"article:publisher\" content=\"https:\/\/www.facebook.com\/MarlyCamino\/\" \/>\n<meta property=\"article:modified_time\" content=\"2025-11-12T11:15:11+00:00\" \/>\n<meta name=\"twitter:label1\" content=\"Tiempo de lectura\" \/>\n\t<meta name=\"twitter:data1\" content=\"8 minutos\" \/>\n<script type=\"application\/ld+json\" class=\"yoast-schema-graph\">{\"@context\":\"https:\/\/schema.org\",\"@graph\":[{\"@type\":\"WebPage\",\"@id\":\"https:\/\/marlycamino.com\/es\/quienes-somos-2\/\",\"url\":\"https:\/\/marlycamino.com\/es\/quienes-somos-2\/\",\"name\":\"Mejor Agencia de Viajes al Camino De Santiago: Nuestros valores\",\"isPartOf\":{\"@id\":\"https:\/\/marlycamino.com\/#website\"},\"primaryImageOfPage\":{\"@id\":\"https:\/\/marlycamino.com\/es\/quienes-somos-2\/#primaryimage\"},\"image\":{\"@id\":\"https:\/\/marlycamino.com\/es\/quienes-somos-2\/#primaryimage\"},\"thumbnailUrl\":\"https:\/\/marlycamino.com\/wp-content\/uploads\/2014\/04\/Marly-Sami-293x300.jpg\",\"datePublished\":\"2012-11-04T01:34:37+00:00\",\"dateModified\":\"2025-11-12T11:15:11+00:00\",\"description\":\"Somos una agencia de viajes al Camino De Santiago que garantiza un trato personal para que cada experiencia de nuestros Caminos resulte inolvidable.\",\"breadcrumb\":{\"@id\":\"https:\/\/marlycamino.com\/es\/quienes-somos-2\/#breadcrumb\"},\"inLanguage\":\"es\",\"potentialAction\":[{\"@type\":\"ReadAction\",\"target\":[\"https:\/\/marlycamino.com\/es\/quienes-somos-2\/\"]}]},{\"@type\":\"ImageObject\",\"inLanguage\":\"es\",\"@id\":\"https:\/\/marlycamino.com\/es\/quienes-somos-2\/#primaryimage\",\"url\":\"https:\/\/marlycamino.com\/wp-content\/uploads\/2014\/04\/Marly-Sami-293x300.jpg\",\"contentUrl\":\"https:\/\/marlycamino.com\/wp-content\/uploads\/2014\/04\/Marly-Sami-293x300.jpg\"},{\"@type\":\"BreadcrumbList\",\"@id\":\"https:\/\/marlycamino.com\/es\/quienes-somos-2\/#breadcrumb\",\"itemListElement\":[{\"@type\":\"ListItem\",\"position\":1,\"name\":\"Home\",\"item\":\"https:\/\/marlycamino.com\/es\/\"},{\"@type\":\"ListItem\",\"position\":2,\"name\":\"Qui\u00e9nes Somos\"}]},{\"@type\":\"WebSite\",\"@id\":\"https:\/\/marlycamino.com\/#website\",\"url\":\"https:\/\/marlycamino.com\/\",\"name\":\"\",\"description\":\"\",\"potentialAction\":[{\"@type\":\"SearchAction\",\"target\":{\"@type\":\"EntryPoint\",\"urlTemplate\":\"https:\/\/marlycamino.com\/?s={search_term_string}\"},\"query-input\":{\"@type\":\"PropertyValueSpecification\",\"valueRequired\":true,\"valueName\":\"search_term_string\"}}],\"inLanguage\":\"es\"}]}<\/script>\n<!-- \/ Yoast SEO plugin. -->","yoast_head_json":{"title":"Mejor Agencia de Viajes al Camino De Santiago: Nuestros valores","description":"Somos una agencia de viajes al Camino De Santiago que garantiza un trato personal para que cada experiencia de nuestros Caminos resulte inolvidable.","robots":{"index":"index","follow":"follow","max-snippet":"max-snippet:-1","max-image-preview":"max-image-preview:large","max-video-preview":"max-video-preview:-1"},"canonical":"https:\/\/marlycamino.com\/es\/quienes-somos-2\/","og_locale":"es_ES","og_type":"article","og_title":"Mejor Agencia de Viajes al Camino De Santiago: Nuestros valores","og_description":"Somos una agencia de viajes al Camino De Santiago que garantiza un trato personal para que cada experiencia de nuestros Caminos resulte inolvidable.","og_url":"https:\/\/marlycamino.com\/es\/quienes-somos-2\/","article_publisher":"https:\/\/www.facebook.com\/MarlyCamino\/","article_modified_time":"2025-11-12T11:15:11+00:00","twitter_misc":{"Tiempo de lectura":"8 minutos"},"schema":{"@context":"https:\/\/schema.org","@graph":[{"@type":"WebPage","@id":"https:\/\/marlycamino.com\/es\/quienes-somos-2\/","url":"https:\/\/marlycamino.com\/es\/quienes-somos-2\/","name":"Mejor Agencia de Viajes al Camino De Santiago: Nuestros valores","isPartOf":{"@id":"https:\/\/marlycamino.com\/#website"},"primaryImageOfPage":{"@id":"https:\/\/marlycamino.com\/es\/quienes-somos-2\/#primaryimage"},"image":{"@id":"https:\/\/marlycamino.com\/es\/quienes-somos-2\/#primaryimage"},"thumbnailUrl":"https:\/\/marlycamino.com\/wp-content\/uploads\/2014\/04\/Marly-Sami-293x300.jpg","datePublished":"2012-11-04T01:34:37+00:00","dateModified":"2025-11-12T11:15:11+00:00","description":"Somos una agencia de viajes al Camino De Santiago que garantiza un trato personal para que cada experiencia de nuestros Caminos resulte inolvidable.","breadcrumb":{"@id":"https:\/\/marlycamino.com\/es\/quienes-somos-2\/#breadcrumb"},"inLanguage":"es","potentialAction":[{"@type":"ReadAction","target":["https:\/\/marlycamino.com\/es\/quienes-somos-2\/"]}]},{"@type":"ImageObject","inLanguage":"es","@id":"https:\/\/marlycamino.com\/es\/quienes-somos-2\/#primaryimage","url":"https:\/\/marlycamino.com\/wp-content\/uploads\/2014\/04\/Marly-Sami-293x300.jpg","contentUrl":"https:\/\/marlycamino.com\/wp-content\/uploads\/2014\/04\/Marly-Sami-293x300.jpg"},{"@type":"BreadcrumbList","@id":"https:\/\/marlycamino.com\/es\/quienes-somos-2\/#breadcrumb","itemListElement":[{"@type":"ListItem","position":1,"name":"Home","item":"https:\/\/marlycamino.com\/es\/"},{"@type":"ListItem","position":2,"name":"Qui\u00e9nes Somos"}]},{"@type":"WebSite","@id":"https:\/\/marlycamino.com\/#website","url":"https:\/\/marlycamino.com\/","name":"","description":"","potentialAction":[{"@type":"SearchAction","target":{"@type":"EntryPoint","urlTemplate":"https:\/\/marlycamino.com\/?s={search_term_string}"},"query-input":{"@type":"PropertyValueSpecification","valueRequired":true,"valueName":"search_term_string"}}],"inLanguage":"es"}]}},"_links":{"self":[{"href":"https:\/\/marlycamino.com\/es\/wp-json\/wp\/v2\/pages\/3406","targetHints":{"allow":["GET"]}}],"collection":[{"href":"https:\/\/marlycamino.com\/es\/wp-json\/wp\/v2\/pages"}],"about":[{"href":"https:\/\/marlycamino.com\/es\/wp-json\/wp\/v2\/types\/page"}],"author":[{"embeddable":true,"href":"https:\/\/marlycamino.com\/es\/wp-json\/wp\/v2\/users\/2"}],"replies":[{"embeddable":true,"href":"https:\/\/marlycamino.com\/es\/wp-json\/wp\/v2\/comments?post=3406"}],"version-history":[{"count":0,"href":"https:\/\/marlycamino.com\/es\/wp-json\/wp\/v2\/pages\/3406\/revisions"}],"wp:attachment":[{"href":"https:\/\/marlycamino.com\/es\/wp-json\/wp\/v2\/media?parent=3406"}],"curies":[{"name":"wp","href":"https:\/\/api.w.org\/{rel}","templated":true}]}}